{"id":952,"date":"2018-05-29T13:39:34","date_gmt":"2018-05-29T12:39:34","guid":{"rendered":"http:\/\/www.reisenblog.ch\/blog\/?page_id=952"},"modified":"2019-12-29T13:46:29","modified_gmt":"2019-12-29T12:46:29","slug":"datenschutzerklaerung","status":"publish","type":"page","link":"https:\/\/www.reisenblog.ch\/blog\/datenschutzerklaerung\/","title":{"rendered":"Datenschutzerkl\u00e4rung"},"content":{"rendered":"<h3>Kontaktm\u00f6glichkeit Datenschutzanliegen<\/h3>\n<blockquote style=\"margin-left:24px;\"><p>Reisenblog.ch<br \/>\nMario Hotz<br \/>\nCl\u00fcs 152C<br \/>\nCH-7530 Zernez<\/p>\n<p>E-Mail: info@reisenblog.ch<\/p>\n<p>Impressum: <a href=\"\/blog\/impressum\/\">www.reisenblog.ch\/blog\/impressum<\/a><\/p><\/blockquote>\n<h2>Welche personenbezogenen Daten wir sammeln und warum wir sie sammeln<\/h2>\n<h3>Zweck der Verarbeitung von Daten<\/h3>\n<p>&#8211; Zurverf\u00fcgungstellung des Onlineangebotes, seiner Funktionen und Inhalte.<br \/>\n&#8211; Beantwortung von Kontaktanfragen und Kommunikation mit Nutzern.<br \/>\n&#8211; Sicherheitsmassnahmen.<\/p>\n<h3>Arten der verarbeiteten Daten:<\/h3>\n<p>&#8211; Kontaktdaten (z.B., E-Mail).<br \/>\n&#8211; Inhaltsdaten (z.B., Texteingaben, Fotografien, Videos).<br \/>\n&#8211; Nutzungsdaten (z.B., besuchte Webseiten, Zugriffszeiten).<br \/>\n&#8211; Meta-\/Kommunikationsdaten (z.B., Ger\u00e4te-Informationen, IP-Adressen).<\/p>\n<h3>Kommentare<\/h3>\n<p>Wenn Besucher Kommentare auf der Website schreiben, sammeln wir die Daten, die im Kommentar-Formular angezeigt werden, au\u00dferdem die IP-Adresse des Besuchers und den User-Agent-String (damit wird der Browser identifiziert), um die Erkennung von Spam zu unterst\u00fctzen.<\/p>\n<h3>Kontaktformular<\/h3>\n<p>Alle an reisenblog.ch \u00fcbermittelten Angaben \u00fcber das Kontaktformular bleiben f\u00fcr eine bestimmte Zeit als E-Mail gespeichert und werden keinesfalls f\u00fcr Marketing-Zwecke verwendet.<\/p>\n<h3>Newsletter<\/h3>\n<p>Auf www.reisenblog.ch besteht die M\u00f6glichkeit, sich f\u00fcr einen Newsletter anzumelden. Dabei wird bei der Anmeldung ein Double-Opt-In genutzt. Die bei der Anmeldung angegebene E-Mail-Adresse bleibt gespeichert, bis der Besitzer sich wieder eigenh\u00e4ndig abmeldet. Die E-Mail-Adresse wird ausschliesslich f\u00fcr den Newsletterversand verwendet.<\/p>\n<h3>Cookies<\/h3>\n<p>Wenn du einen Kommentar auf unserer Website schreibst, kann das eine Einwilligung sein, deinen Namen, E-Mail-Adresse und Website in Cookies zu speichern. Dies ist eine Komfortfunktion, damit du nicht, wenn du einen weiteren Kommentar schreibst, all diese Daten erneut eingeben musst. Diese Cookies werden ein Jahr lang gespeichert.<\/p>\n<p>Wenn du einen Kommentar schreibst, wird dieser inklusive Metadaten zeitlich unbegrenzt gespeichert. Auf diese Art k\u00f6nnen wir Folgekommentare automatisch erkennen und freigeben, anstelle sie in einer Moderations-Warteschlange festzuhalten.<\/p>\n<h3>Eingebettete Inhalte von anderen Websites<\/h3>\n<p>Beitr\u00e4ge auf dieser Website k\u00f6nnen eingebettete Inhalte beinhalten (z.\u00a0B. Videos, Bilder, Beitr\u00e4ge etc.). Eingebettete Inhalte von anderen Websites verhalten sich exakt so, als ob der Besucher die andere Website besucht h\u00e4tte.<\/p>\n<p>Diese Websites k\u00f6nnen Daten \u00fcber dich sammeln, Cookies benutzen, zus\u00e4tzliche Tracking-Dienste von Dritten einbetten und deine Interaktion mit diesem eingebetteten Inhalt aufzeichnen, inklusive deiner Interaktion mit dem eingebetteten Inhalt, falls du ein Konto hast und auf dieser Website angemeldet bist.<\/p>\n<p>Besucher-Kommentare k\u00f6nnten von einem automatisierten Dienst zur Spam-Erkennung untersucht werden.<\/p>\n<p>reisenblog.ch nimmt am Blog-Ranking von topblogs.de teil und f\u00fchrt zu diesem Zweck ein Tracking der Seitenbesuche durch. Topblogs.de erhebt mit seinem Tracking-Code die IP-Adresse, die Browser-Version sowie das verwendete System aller Besucher dieser Website. Diese Daten werden ausschlie\u00dflich dazu verwendet, um die Anzahl der Seiten-Besucher zu ermitteln und daraus ein Ranking aller Teilnehmer von TopBlogs.de zu erstellen. Die daf\u00fcr erhobenen Daten werden bis zur Erf\u00fcllung des genannten Zweckes (Erhebung der Anzahl der Seitenbesucher) gespeichert und mit dem n\u00e4chsten Reset bei TopBlogs (erfolgt einmal w\u00f6chentlich) gel\u00f6scht.<\/p>\n<h3>Bereits getroffene Massnahmen<\/h3>\n<p>Die Website www.reisenblog.ch nutzt mittels SSL-Zertifikat die HTTPS-Verschl\u00fcsselung.<\/p>\n<h3>Server-Log-Dateien<\/h3>\n<p>Der Internetprovider von www.reisenblog.ch erhebt und speichert automatisch Informationen in so genannten Server-Log-Dateien, die dein Browser automatisch an uns \u00fcbermittelt.<\/p>\n<p>Dies sind:<\/p>\n<ul style=\"padding-left: 24px;\">\n<li>Browsertyp und Browserversion<\/li>\n<li>verwendetes Betriebssystem<\/li>\n<li>Referrer URL<\/li>\n<li>Hostname des zugreifenden Rechners<\/li>\n<li>Uhrzeit der Serveranfrage<\/li>\n<li>IP-Adresse<\/li>\n<\/ul>\n<p>Eine Zusammenf\u00fchrung dieser Daten mit anderen Datenquellen wird nicht vorgenommen.<\/p>\n<p>Grundlage f\u00fcr die Datenverarbeitung ist Art. 6 Abs. 1 lit. f DSGVO, der die Verarbeitung von Daten zur Erf\u00fcllung eines Vertrags oder vorvertraglicher Ma\u00dfnahmen gestattet.<\/p>\n<h3 id=\"dsg-general-rightssubject\">Rechte der betroffenen Personen<\/h3>\n<p>Sie haben das Recht, eine Best\u00e4tigung dar\u00fcber zu verlangen, ob betreffende Daten verarbeitet werden und auf Auskunft \u00fcber diese Daten sowie auf weitere Informationen und Kopie der Daten entsprechend Art. 15 DSGVO.<\/p>\n<p>Sie haben entsprechend. Art. 16 DSGVO das Recht, die Vervollst\u00e4ndigung der Sie betreffenden Daten oder die Berichtigung der Sie betreffenden unrichtigen Daten zu verlangen.<\/p>\n<p>Sie haben nach Massgabe des Art. 17 DSGVO das Recht zu verlangen, dass betreffende Daten unverz\u00fcglich gel\u00f6scht werden, bzw. alternativ nach Massgabe des Art. 18 DSGVO eine Einschr\u00e4nkung der Verarbeitung der Daten zu verlangen.<\/p>\n<p>Sie haben das Recht zu verlangen, dass die Sie betreffenden Daten, die Sie uns bereitgestellt haben nach Massgabe des Art. 20 DSGVO zu erhalten und deren \u00dcbermittlung an andere Verantwortliche zu fordern.<\/p>\n<p>Sie haben ferner gem. Art. 77 DSGVO das Recht, eine Beschwerde bei der zust\u00e4ndigen Aufsichtsbeh\u00f6rde einzureichen.<\/p>\n<h3 id=\"dsg-general-revokeconsent\">Widerrufsrecht<\/h3>\n<p>Sie haben das Recht, erteilte Einwilligungen gem. Art. 7 Abs. 3 DSGVO mit Wirkung f\u00fcr die Zukunft zu widerrufen<\/p>\n<h3 id=\"dsg-general-object\">Widerspruchsrecht<\/h3>\n<p>Sie k\u00f6nnen der k\u00fcnftigen Verarbeitung der Sie betreffenden Daten nach Massgabe des Art. 21 DSGVO jederzeit widersprechen. Der Widerspruch kann insbesondere gegen die Verarbeitung f\u00fcr Zwecke der Direktwerbung erfolgen.<\/p>\n","protected":false},"excerpt":{"rendered":"<p>Kontaktm\u00f6glichkeit Datenschutzanliegen Reisenblog.ch Mario Hotz Cl\u00fcs 152C CH-7530 Zernez E-Mail: info@reisenblog.ch Impressum: www.reisenblog.ch\/blog\/impressum Welche personenbezogenen Daten wir sammeln und warum wir sie sammeln Zweck der Verarbeitung von Daten &#8211; Zurverf\u00fcgungstellung des Onlineangebotes, seiner Funktionen und Inhalte. &#8211; Beantwortung von Kontaktanfragen und Kommunikation mit Nutzern. &#8211; Sicherheitsmassnahmen. Arten der verarbeiteten Daten: &#8211; Kontaktdaten (z.B., E-Mail). &#8211; &hellip; <a href=\"https:\/\/www.reisenblog.ch\/blog\/datenschutzerklaerung\/\" class=\"more-link\"><span class=\"screen-reader-text\">\u201eDatenschutzerkl\u00e4rung\u201c <\/span>weiterlesen<\/a><\/p>\n","protected":false},"author":1,"featured_media":0,"parent":0,"menu_order":0,"comment_status":"closed","ping_status":"closed","template":"","meta":{"ngg_post_thumbnail":0,"footnotes":""},"class_list":["post-952","page","type-page","status-publish","hentry"],"aioseo_notices":[],"_links":{"self":[{"href":"https:\/\/www.reisenblog.ch\/blog\/wp-json\/wp\/v2\/pages\/952","targetHints":{"allow":["GET"]}}],"collection":[{"href":"https:\/\/www.reisenblog.ch\/blog\/wp-json\/wp\/v2\/pages"}],"about":[{"href":"https:\/\/www.reisenblog.ch\/blog\/wp-json\/wp\/v2\/types\/page"}],"author":[{"embeddable":true,"href":"https:\/\/www.reisenblog.ch\/blog\/wp-json\/wp\/v2\/users\/1"}],"replies":[{"embeddable":true,"href":"https:\/\/www.reisenblog.ch\/blog\/wp-json\/wp\/v2\/comments?post=952"}],"version-history":[{"count":18,"href":"https:\/\/www.reisenblog.ch\/blog\/wp-json\/wp\/v2\/pages\/952\/revisions"}],"predecessor-version":[{"id":2009,"href":"https:\/\/www.reisenblog.ch\/blog\/wp-json\/wp\/v2\/pages\/952\/revisions\/2009"}],"wp:attachment":[{"href":"https:\/\/www.reisenblog.ch\/blog\/wp-json\/wp\/v2\/media?parent=952"}],"curies":[{"name":"wp","href":"https:\/\/api.w.org\/{rel}","templated":true}]}}